{"id":6975,"date":"2023-06-28T12:36:47","date_gmt":"2023-06-28T10:36:47","guid":{"rendered":"https:\/\/neolys-diagnostics.fr\/?page_id=6975"},"modified":"2023-06-28T15:18:16","modified_gmt":"2023-06-28T13:18:16","slug":"lab-form","status":"publish","type":"page","link":"https:\/\/neolys-diagnostics.fr\/en\/lab-form\/","title":{"rendered":"Laboratory form"},"content":{"rendered":"\t\t<div data-elementor-type=\"wp-page\" data-elementor-id=\"6975\" class=\"elementor elementor-6975 elementor-6974\" data-elementor-post-type=\"page\">\n\t\t\t\t\t\t<section class=\"elementor-section elementor-top-section elementor-element elementor-element-81d1666 elementor-section-boxed elementor-section-height-default elementor-section-height-default\" data-id=\"81d1666\" data-element_type=\"section\" data-e-type=\"section\" data-settings=\"{&quot;background_background&quot;:&quot;classic&quot;}\">\n\t\t\t\t\t\t<div class=\"elementor-container elementor-column-gap-default\">\n\t\t\t\t\t<div class=\"elementor-column elementor-col-100 elementor-top-column elementor-element elementor-element-0810ba0\" data-id=\"0810ba0\" data-element_type=\"column\" data-e-type=\"column\">\n\t\t\t<div class=\"elementor-widget-wrap elementor-element-populated\">\n\t\t\t\t\t\t<div class=\"elementor-element elementor-element-58ccd2b elementor-align-left elementor-widget__width-auto elementor-widget elementor-widget-button\" data-id=\"58ccd2b\" data-element_type=\"widget\" data-e-type=\"widget\" data-widget_type=\"button.default\">\n\t\t\t\t<div class=\"elementor-widget-container\">\n\t\t\t\t\t\t\t\t\t<div class=\"elementor-button-wrapper\">\n\t\t\t\t\t<a class=\"elementor-button elementor-button-link elementor-size-md\" href=\"https:\/\/alara-group.welcomekit.co\/\">\n\t\t\t\t\t\t<span class=\"elementor-button-content-wrapper\">\n\t\t\t\t\t\t<span class=\"elementor-button-icon\">\n\t\t\t\t<svg aria-hidden=\"true\" class=\"e-font-icon-svg e-fas-arrow-alt-circle-right\" viewBox=\"0 0 512 512\" xmlns=\"http:\/\/www.w3.org\/2000\/svg\"><path d=\"M256 8c137 0 248 111 248 248S393 504 256 504 8 393 8 256 119 8 256 8zM140 300h116v70.9c0 10.7 13 16.1 20.5 8.5l114.3-114.9c4.7-4.7 4.7-12.2 0-16.9l-114.3-115c-7.6-7.6-20.5-2.2-20.5 8.5V212H140c-6.6 0-12 5.4-12 12v64c0 6.6 5.4 12 12 12z\"><\/path><\/svg>\t\t\t<\/span>\n\t\t\t\t\t\t\t\t\t<span class=\"elementor-button-text\">Recruitment<\/span>\n\t\t\t\t\t<\/span>\n\t\t\t\t\t<\/a>\n\t\t\t\t<\/div>\n\t\t\t\t\t\t\t\t<\/div>\n\t\t\t\t<\/div>\n\t\t\t\t<div class=\"elementor-element elementor-element-575449b stratum-advanced-tabs-nav-horizontal-align-left stratum-advanced-tabs-icons-horizontal-position-left elementor-widget elementor-widget-stratum-advanced-tabs\" data-id=\"575449b\" data-element_type=\"widget\" data-e-type=\"widget\" data-widget_type=\"stratum-advanced-tabs.default\">\n\t\t\t\t<div class=\"elementor-widget-container\">\n\t\t\t\t\t<div class=\"stratum-advanced-tabs tabs-layout-horizontal\" data-tabs-options=\"{&quot;tabs_interactivity&quot;:&quot;click&quot;,&quot;equal_height&quot;:false}\">\n\t<div class=\"stratum-advanced-tabs__navigation\">\n\t\t\t\t\t<div data-tab-id=\"0\" class=\"stratum-advanced-tabs__navigation-item elementor-repeater-item-888f29f\">\n\t\t\t\t\t\t\t\t\t<div class=\"stratum-advanced-tabs__title\">\n\t\t\t\t\t\tFormulaire de contact\t\t\t\t\t<\/div>\n\t\t\t\t\t\t\t\t\t<div class=\"stratum-advanced-tabs__icon\">\n\t\t\t\t\t\t<span><svg aria-hidden=\"true\" class=\"e-font-icon-svg e-fas-arrow-right\" viewBox=\"0 0 448 512\" xmlns=\"http:\/\/www.w3.org\/2000\/svg\"><path d=\"M190.5 66.9l22.2-22.2c9.4-9.4 24.6-9.4 33.9 0L441 239c9.4 9.4 9.4 24.6 0 33.9L246.6 467.3c-9.4 9.4-24.6 9.4-33.9 0l-22.2-22.2c-9.5-9.5-9.3-25 .4-34.3L311.4 296H24c-13.3 0-24-10.7-24-24v-32c0-13.3 10.7-24 24-24h287.4L190.9 101.2c-9.8-9.3-10-24.8-.4-34.3z\"><\/path><\/svg><\/span>\n\t\t\t\t\t<\/div>\n\t\t\t\t\t\t\t<\/div>\n\t\t\t\t\t<div data-tab-id=\"1\" class=\"stratum-advanced-tabs__navigation-item active-nav elementor-repeater-item-1f3b6a5\">\n\t\t\t\t\t\t\t\t\t<div class=\"stratum-advanced-tabs__title\">\n\t\t\t\t\t\tFormulaire laboratoire\t\t\t\t\t<\/div>\n\t\t\t\t\t\t\t\t\t<div class=\"stratum-advanced-tabs__icon\">\n\t\t\t\t\t\t<span><svg aria-hidden=\"true\" class=\"e-font-icon-svg e-fas-arrow-right\" viewBox=\"0 0 448 512\" xmlns=\"http:\/\/www.w3.org\/2000\/svg\"><path d=\"M190.5 66.9l22.2-22.2c9.4-9.4 24.6-9.4 33.9 0L441 239c9.4 9.4 9.4 24.6 0 33.9L246.6 467.3c-9.4 9.4-24.6 9.4-33.9 0l-22.2-22.2c-9.5-9.5-9.3-25 .4-34.3L311.4 296H24c-13.3 0-24-10.7-24-24v-32c0-13.3 10.7-24 24-24h287.4L190.9 101.2c-9.8-9.3-10-24.8-.4-34.3z\"><\/path><\/svg><\/span>\n\t\t\t\t\t<\/div>\n\t\t\t\t\t\t\t<\/div>\n\t\t\t<\/div>\n\t<div class=\"stratum-advanced-tabs__content\">\n\t\t\t\t\t<div data-tab-id=\"0\" class=\"stratum-advanced-tabs__content-item elementor-repeater-item-888f29f\">\n\t\t\t\t<div class=\"stratum-advanced-tabs__content-wrapper\">\n\t\t\t\t\t<div class=\"stratum-advanced-tabs__content-overlay\"><\/div>\n\t\t\t\t\t<div class=\"stratum-advanced-tabs__text\">\n\t\t\t\t\t\t<p>\t\t<div data-elementor-type=\"section\" data-elementor-id=\"6714\" class=\"elementor elementor-6714 elementor-6088\" data-elementor-post-type=\"elementor_library\">\n\t\t\t\t\t<section class=\"elementor-section elementor-top-section elementor-element elementor-element-08f96d2 elementor-section-boxed elementor-section-height-default elementor-section-height-default\" data-id=\"08f96d2\" data-element_type=\"section\" data-e-type=\"section\">\n\t\t\t\t\t\t<div class=\"elementor-container elementor-column-gap-default\">\n\t\t\t\t\t<div class=\"elementor-column elementor-col-100 elementor-top-column elementor-element elementor-element-8eaeb2f\" data-id=\"8eaeb2f\" data-element_type=\"column\" data-e-type=\"column\" data-settings=\"{&quot;background_background&quot;:&quot;classic&quot;}\">\n\t\t\t<div class=\"elementor-widget-wrap elementor-element-populated\">\n\t\t\t\t\t\t<div class=\"elementor-element elementor-element-3b3d4ee elementor-widget elementor-widget-elementskit-contact-form7\" data-id=\"3b3d4ee\" data-element_type=\"widget\" data-e-type=\"widget\" data-widget_type=\"elementskit-contact-form7.default\">\n\t\t\t\t<div class=\"elementor-widget-container\">\n\t\t\t\t\t<div class=\"ekit-wid-con\" ><div class=\"ekit-form\">\n<div class=\"wpcf7 no-js\" id=\"wpcf7-f2502-p6975-o1\" lang=\"en-US\" dir=\"ltr\" data-wpcf7-id=\"2502\">\n<div class=\"screen-reader-response\"><p role=\"status\" aria-live=\"polite\" aria-atomic=\"true\"><\/p> <ul><\/ul><\/div>\n<form action=\"\/en\/lab-form\/#wpcf7-f2502-p6975-o1\" method=\"post\" class=\"wpcf7-form init\" aria-label=\"Contact form\" novalidate=\"novalidate\" data-status=\"init\">\n<fieldset class=\"hidden-fields-container\"><input type=\"hidden\" name=\"_wpcf7\" value=\"2502\" \/><input type=\"hidden\" name=\"_wpcf7_version\" value=\"6.1.5\" \/><input type=\"hidden\" name=\"_wpcf7_locale\" value=\"en_US\" \/><input type=\"hidden\" name=\"_wpcf7_unit_tag\" value=\"wpcf7-f2502-p6975-o1\" \/><input type=\"hidden\" name=\"_wpcf7_container_post\" value=\"6975\" \/><input type=\"hidden\" name=\"_wpcf7_posted_data_hash\" value=\"\" \/>\n<\/fieldset>\n<p><span class=\"wpcf7-form-control-wrap\" data-name=\"your-name\"><input size=\"40\" maxlength=\"400\" class=\"wpcf7-form-control wpcf7-text wpcf7-validates-as-required\" aria-required=\"true\" aria-invalid=\"false\" placeholder=\"Last name*\" value=\"\" type=\"text\" name=\"your-name\" \/><\/span>\n<\/p>\n<p><span class=\"wpcf7-form-control-wrap\" data-name=\"your-surname\"><input size=\"40\" maxlength=\"400\" class=\"wpcf7-form-control wpcf7-text wpcf7-validates-as-required\" aria-required=\"true\" aria-invalid=\"false\" placeholder=\"First name*\" value=\"\" type=\"text\" name=\"your-surname\" \/><\/span>\n<\/p>\n<p><span class=\"wpcf7-form-control-wrap\" data-name=\"your-company\"><input size=\"40\" maxlength=\"400\" class=\"wpcf7-form-control wpcf7-text wpcf7-validates-as-required\" aria-required=\"true\" aria-invalid=\"false\" placeholder=\"Company*\" value=\"\" type=\"text\" name=\"your-company\" \/><\/span>\n<\/p>\n<p><span class=\"wpcf7-form-control-wrap\" data-name=\"your-email\"><input size=\"40\" maxlength=\"400\" class=\"wpcf7-form-control wpcf7-email wpcf7-validates-as-required wpcf7-text wpcf7-validates-as-email\" aria-required=\"true\" aria-invalid=\"false\" placeholder=\"Email*\" value=\"\" type=\"email\" name=\"your-email\" \/><\/span>\n<\/p>\n<p><span class=\"wpcf7-form-control-wrap\" data-name=\"you-phone\"><input size=\"40\" maxlength=\"400\" class=\"wpcf7-form-control wpcf7-tel wpcf7-validates-as-required wpcf7-text wpcf7-validates-as-tel\" aria-required=\"true\" aria-invalid=\"false\" placeholder=\"Phone number*\" value=\"\" type=\"tel\" name=\"you-phone\" \/><\/span>\n<\/p>\n<div style=\"margin-top: 20px;\">\n\t<p><span class=\"wpcf7-form-control-wrap\" data-name=\"your-message\"><textarea cols=\"40\" rows=\"10\" maxlength=\"2000\" class=\"wpcf7-form-control wpcf7-textarea wpcf7-validates-as-required\" aria-required=\"true\" aria-invalid=\"false\" placeholder=\"Your message*\" name=\"your-message\"><\/textarea><\/span>\n\t<\/p>\n\t<div style=\"margin-top: 20px;\">\n\t\t<p><span class=\"wpcf7-form-control-wrap\" data-name=\"checkbox-774\"><span class=\"wpcf7-form-control wpcf7-checkbox\"><span class=\"wpcf7-list-item first last\"><input type=\"checkbox\" name=\"checkbox-774[]\" value=\"Je souhaite recevoir de la documentation\" \/><span class=\"wpcf7-list-item-label\">Je souhaite recevoir de la documentation<\/span><\/span><\/span><\/span><br \/>\n<span class=\"wpcf7-form-control-wrap\" data-name=\"checkbox-774\"><span class=\"wpcf7-form-control wpcf7-checkbox\"><span class=\"wpcf7-list-item first last\"><input type=\"checkbox\" name=\"checkbox-774[]\" value=\"Je souhaite \u00e9changer avec vous\" \/><span class=\"wpcf7-list-item-label\">Je souhaite \u00e9changer avec vous<\/span><\/span><\/span><\/span><br \/>\n<span class=\"wpcf7-form-control-wrap\" data-name=\"checkbox-774\"><span class=\"wpcf7-form-control wpcf7-checkbox\"><span class=\"wpcf7-list-item first last\"><input type=\"checkbox\" name=\"checkbox-774[]\" value=\"Je suis radioth\u00e9rapeute et je souhaite recevoir des informations sur les modalit\u00e9s des tests ou commander des kits m\u00e9dicaux pour r\u00e9aliser le punch dermatologique\" \/><span class=\"wpcf7-list-item-label\">Je suis radioth\u00e9rapeute et je souhaite recevoir des informations sur les modalit\u00e9s des tests ou commander des kits m\u00e9dicaux pour r\u00e9aliser le punch dermatologique<\/span><\/span><\/span><\/span>\n\t\t<\/p>\n\t\t<div style=\"margin-top: 30px;\">\n\t\t\t<p><div id=\"cf7sr-69d42458a5b63\" class=\"cf7sr-g-recaptcha\" data-theme=\"light\" data-type=\"image\" data-size=\"normal\" data-sitekey=\"6LdbXtUmAAAAALD4bbrgmoIBC6mkxgYkH7UX8ShP\"><\/div><span class=\"wpcf7-form-control-wrap cf7sr-recaptcha\" data-name=\"cf7sr-recaptcha\"><input type=\"hidden\" name=\"cf7sr-recaptcha\" value=\"\" class=\"wpcf7-form-control\"><\/span>\n\t\t\t<\/p>\n\t\t\t<div style=\"margin-top: 20px;\">\n\t\t\t\t<p><input class=\"wpcf7-form-control wpcf7-submit has-spinner\" type=\"submit\" value=\"Envoyer\" \/>\n\t\t\t\t<\/p>\n\t\t\t\t<div style=\"margin-top: 25px;\">\n\t\t\t\t\t<p><br \/>\nBy submitting the contact form, you agree to our data protection policy, which is GDPR compliant.\n\t\t\t\t\t<\/p>\n\t\t\t\t<\/div>\n\t\t\t<\/div>\n\t\t<\/div>\n\t<\/div>\n<\/div><p style=\"display: none !important;\" class=\"akismet-fields-container\" data-prefix=\"_wpcf7_ak_\"><label>&#916;<textarea name=\"_wpcf7_ak_hp_textarea\" cols=\"45\" rows=\"8\" maxlength=\"100\"><\/textarea><\/label><input type=\"hidden\" id=\"ak_js_1\" name=\"_wpcf7_ak_js\" value=\"170\"\/><script>document.getElementById( \"ak_js_1\" ).setAttribute( \"value\", ( new Date() ).getTime() );<\/script><\/p><div class=\"wpcf7-response-output\" aria-hidden=\"true\"><\/div>\n<\/form>\n<\/div>\n<\/div><\/div>\t\t\t\t<\/div>\n\t\t\t\t<\/div>\n\t\t\t\t\t<\/div>\n\t\t<\/div>\n\t\t\t\t\t<\/div>\n\t\t<\/section>\n\t\t\t\t<\/div>\n\t\t<\/p>\t\t\t\t\t<\/div>\n\t\t\t\t<\/div>\n\t\t\t<\/div>\n\t\t\t\t\t<div data-tab-id=\"1\" class=\"stratum-advanced-tabs__content-item active-content elementor-repeater-item-1f3b6a5\">\n\t\t\t\t<div class=\"stratum-advanced-tabs__content-wrapper\">\n\t\t\t\t\t<div class=\"stratum-advanced-tabs__content-overlay\"><\/div>\n\t\t\t\t\t<div class=\"stratum-advanced-tabs__text\">\n\t\t\t\t\t\t<p>\t\t<div data-elementor-type=\"section\" data-elementor-id=\"6708\" class=\"elementor elementor-6708 elementor-6514\" data-elementor-post-type=\"elementor_library\">\n\t\t\t\t\t<section class=\"elementor-section elementor-top-section elementor-element elementor-element-95bbc6e elementor-section-boxed elementor-section-height-default elementor-section-height-default\" data-id=\"95bbc6e\" data-element_type=\"section\" data-e-type=\"section\">\n\t\t\t\t\t\t<div class=\"elementor-container elementor-column-gap-default\">\n\t\t\t\t\t<div class=\"elementor-column elementor-col-100 elementor-top-column elementor-element elementor-element-492bfad\" data-id=\"492bfad\" data-element_type=\"column\" data-e-type=\"column\" data-settings=\"{&quot;background_background&quot;:&quot;classic&quot;}\">\n\t\t\t<div class=\"elementor-widget-wrap elementor-element-populated\">\n\t\t\t\t\t\t<div class=\"elementor-element elementor-element-37c96bd elementor-widget elementor-widget-elementskit-contact-form7\" data-id=\"37c96bd\" data-element_type=\"widget\" data-e-type=\"widget\" data-widget_type=\"elementskit-contact-form7.default\">\n\t\t\t\t<div class=\"elementor-widget-container\">\n\t\t\t\t\t<div class=\"ekit-wid-con\" ><div class=\"ekit-form\">\n<div class=\"wpcf7 no-js\" id=\"wpcf7-f6810-p6975-o2\" lang=\"en-US\" dir=\"ltr\" data-wpcf7-id=\"6810\">\n<div class=\"screen-reader-response\"><p role=\"status\" aria-live=\"polite\" aria-atomic=\"true\"><\/p> <ul><\/ul><\/div>\n<form action=\"\/en\/lab-form\/#wpcf7-f6810-p6975-o2\" method=\"post\" class=\"wpcf7-form init\" aria-label=\"Contact form\" novalidate=\"novalidate\" data-status=\"init\">\n<fieldset class=\"hidden-fields-container\"><input type=\"hidden\" name=\"_wpcf7\" value=\"6810\" \/><input type=\"hidden\" name=\"_wpcf7_version\" value=\"6.1.5\" \/><input type=\"hidden\" name=\"_wpcf7_locale\" value=\"en_US\" \/><input type=\"hidden\" name=\"_wpcf7_unit_tag\" value=\"wpcf7-f6810-p6975-o2\" \/><input type=\"hidden\" name=\"_wpcf7_container_post\" value=\"6975\" \/><input type=\"hidden\" name=\"_wpcf7_posted_data_hash\" value=\"\" \/>\n<\/fieldset>\n<p><span class=\"wpcf7-form-control-wrap\" data-name=\"your-name\"><input size=\"40\" maxlength=\"400\" class=\"wpcf7-form-control wpcf7-text wpcf7-validates-as-required\" aria-required=\"true\" aria-invalid=\"false\" placeholder=\"Last name*\" value=\"\" type=\"text\" name=\"your-name\" \/><\/span>\n<\/p>\n<p><span class=\"wpcf7-form-control-wrap\" data-name=\"your-surname\"><input size=\"40\" maxlength=\"400\" class=\"wpcf7-form-control wpcf7-text wpcf7-validates-as-required\" aria-required=\"true\" aria-invalid=\"false\" placeholder=\"First name*\" value=\"\" type=\"text\" name=\"your-surname\" \/><\/span>\n<\/p>\n<p><span class=\"wpcf7-form-control-wrap\" data-name=\"your-company\"><input size=\"40\" maxlength=\"400\" class=\"wpcf7-form-control wpcf7-text wpcf7-validates-as-required\" aria-required=\"true\" aria-invalid=\"false\" placeholder=\"Company*\" value=\"\" type=\"text\" name=\"your-company\" \/><\/span>\n<\/p>\n<p><span class=\"wpcf7-form-control-wrap\" data-name=\"your-email\"><input size=\"40\" maxlength=\"400\" class=\"wpcf7-form-control wpcf7-email wpcf7-validates-as-required wpcf7-text wpcf7-validates-as-email\" aria-required=\"true\" aria-invalid=\"false\" placeholder=\"Email*\" value=\"\" type=\"email\" name=\"your-email\" \/><\/span>\n<\/p>\n<p><span class=\"wpcf7-form-control-wrap\" data-name=\"you-phone\"><input size=\"40\" maxlength=\"400\" class=\"wpcf7-form-control wpcf7-tel wpcf7-validates-as-required wpcf7-text wpcf7-validates-as-tel\" aria-required=\"true\" aria-invalid=\"false\" placeholder=\"Phone number*\" value=\"\" type=\"tel\" name=\"you-phone\" \/><\/span>\n<\/p>\n<div style=\"margin-top: 20px;\">\n\t<p><span class=\"wpcf7-form-control-wrap\" data-name=\"your-message\"><textarea cols=\"40\" rows=\"10\" maxlength=\"2000\" class=\"wpcf7-form-control wpcf7-textarea wpcf7-validates-as-required\" aria-required=\"true\" aria-invalid=\"false\" placeholder=\"Your message*\" name=\"your-message\"><\/textarea><\/span>\n\t<\/p>\n\t<p><div id=\"cf7sr-69d42458adbab\" class=\"cf7sr-g-recaptcha\" data-theme=\"light\" data-type=\"image\" data-size=\"normal\" data-sitekey=\"6LdbXtUmAAAAALD4bbrgmoIBC6mkxgYkH7UX8ShP\"><\/div><span class=\"wpcf7-form-control-wrap cf7sr-recaptcha\" data-name=\"cf7sr-recaptcha\"><input type=\"hidden\" name=\"cf7sr-recaptcha\" value=\"\" class=\"wpcf7-form-control\"><\/span>\n\t<\/p>\n\t<div style=\"margin-top: 35px;\">\n\t\t<p><input class=\"wpcf7-form-control wpcf7-submit has-spinner\" type=\"submit\" value=\"Envoyer\" \/>\n\t\t<\/p>\n\t\t<div style=\"margin-top: 35px;\">\n\t\t\t<p>By submitting the contact form, you agree to our data protection policy, which is GDPR compliant.\n\t\t\t<\/p>\n\t\t<\/div>\n\t<\/div>\n<\/div><p style=\"display: none !important;\" class=\"akismet-fields-container\" data-prefix=\"_wpcf7_ak_\"><label>&#916;<textarea name=\"_wpcf7_ak_hp_textarea\" cols=\"45\" rows=\"8\" maxlength=\"100\"><\/textarea><\/label><input type=\"hidden\" id=\"ak_js_2\" name=\"_wpcf7_ak_js\" value=\"158\"\/><script>document.getElementById( \"ak_js_2\" ).setAttribute( \"value\", ( new Date() ).getTime() );<\/script><\/p><div class=\"wpcf7-response-output\" aria-hidden=\"true\"><\/div>\n<\/form>\n<\/div>\n<\/div><\/div>\t\t\t\t<\/div>\n\t\t\t\t<\/div>\n\t\t\t\t\t<\/div>\n\t\t<\/div>\n\t\t\t\t\t<\/div>\n\t\t<\/section>\n\t\t\t\t<\/div>\n\t\t<\/p>\t\t\t\t\t<\/div>\n\t\t\t\t<\/div>\n\t\t\t<\/div>\n\t\t\t<\/div>\n<\/div>\n\t\t\t\t<\/div>\n\t\t\t\t<\/div>\n\t\t\t\t\t<\/div>\n\t\t<\/div>\n\t\t\t\t\t<\/div>\n\t\t<\/section>\n\t\t\t\t<\/div>\n\t\t","protected":false},"excerpt":{"rendered":"<p>Recruitment<\/p>\n","protected":false},"author":1,"featured_media":0,"parent":0,"menu_order":0,"comment_status":"closed","ping_status":"closed","template":"elementor_header_footer","meta":{"inspiro_hide_title":false,"footnotes":""},"class_list":["post-6975","page","type-page","status-publish","hentry"],"yoast_head":"<!-- This site is optimized with the Yoast SEO plugin v27.3 - https:\/\/yoast.com\/product\/yoast-seo-wordpress\/ -->\n<title>Laboratory form | Neolys Diagnostics<\/title>\n<meta name=\"description\" content=\"You are a laboratory and would like to take samples for our tests in your laboratory? Contact us!\" \/>\n<meta name=\"robots\" content=\"index, follow, max-snippet:-1, max-image-preview:large, max-video-preview:-1\" \/>\n<link rel=\"canonical\" href=\"https:\/\/neolys-diagnostics.fr\/en\/lab-form\/\" \/>\n<meta property=\"og:locale\" content=\"en_US\" \/>\n<meta property=\"og:type\" content=\"article\" \/>\n<meta property=\"og:title\" content=\"Laboratory form | Neolys Diagnostics\" \/>\n<meta property=\"og:description\" content=\"You are a laboratory and would like to take samples for our tests in your laboratory? Contact us!\" \/>\n<meta property=\"og:url\" content=\"https:\/\/neolys-diagnostics.fr\/en\/lab-form\/\" \/>\n<meta property=\"og:site_name\" content=\"Neolys Diagnostics\" \/>\n<meta property=\"article:publisher\" content=\"https:\/\/www.facebook.com\/neolysdiagnostics\" \/>\n<meta property=\"article:modified_time\" content=\"2023-06-28T13:18:16+00:00\" \/>\n<meta property=\"og:image\" content=\"https:\/\/neolys-diagnostics.fr\/wp-content\/uploads\/2023\/03\/cropped-Logo_Alaragroup_noir_RVB.png\" \/>\n\t<meta property=\"og:image:width\" content=\"4069\" \/>\n\t<meta property=\"og:image:height\" content=\"606\" \/>\n\t<meta property=\"og:image:type\" content=\"image\/png\" \/>\n<meta name=\"twitter:card\" content=\"summary_large_image\" \/>\n<meta name=\"twitter:label1\" content=\"Est. reading time\" \/>\n\t<meta name=\"twitter:data1\" content=\"1 minute\" \/>\n<script type=\"application\/ld+json\" class=\"yoast-schema-graph\">{\"@context\":\"https:\\\/\\\/schema.org\",\"@graph\":[{\"@type\":\"WebPage\",\"@id\":\"https:\\\/\\\/neolys-diagnostics.fr\\\/en\\\/lab-form\\\/\",\"url\":\"https:\\\/\\\/neolys-diagnostics.fr\\\/en\\\/lab-form\\\/\",\"name\":\"Laboratory form | Neolys Diagnostics\",\"isPartOf\":{\"@id\":\"https:\\\/\\\/neolys-diagnostics.fr\\\/en\\\/#website\"},\"datePublished\":\"2023-06-28T10:36:47+00:00\",\"dateModified\":\"2023-06-28T13:18:16+00:00\",\"description\":\"You are a laboratory and would like to take samples for our tests in your laboratory? Contact us!\",\"breadcrumb\":{\"@id\":\"https:\\\/\\\/neolys-diagnostics.fr\\\/en\\\/lab-form\\\/#breadcrumb\"},\"inLanguage\":\"en-US\",\"potentialAction\":[{\"@type\":\"ReadAction\",\"target\":[\"https:\\\/\\\/neolys-diagnostics.fr\\\/en\\\/lab-form\\\/\"]}]},{\"@type\":\"BreadcrumbList\",\"@id\":\"https:\\\/\\\/neolys-diagnostics.fr\\\/en\\\/lab-form\\\/#breadcrumb\",\"itemListElement\":[{\"@type\":\"ListItem\",\"position\":1,\"name\":\"Home\",\"item\":\"https:\\\/\\\/neolys-diagnostics.fr\\\/en\\\/homepage\\\/\"},{\"@type\":\"ListItem\",\"position\":2,\"name\":\"Laboratory form\"}]},{\"@type\":\"WebSite\",\"@id\":\"https:\\\/\\\/neolys-diagnostics.fr\\\/en\\\/#website\",\"url\":\"https:\\\/\\\/neolys-diagnostics.fr\\\/en\\\/\",\"name\":\"Neolys Diagnostics\",\"description\":\"In oncology, personalized medicine is no longer an option\",\"publisher\":{\"@id\":\"https:\\\/\\\/neolys-diagnostics.fr\\\/en\\\/#organization\"},\"alternateName\":\"Neolys Diagnostics\",\"potentialAction\":[{\"@type\":\"SearchAction\",\"target\":{\"@type\":\"EntryPoint\",\"urlTemplate\":\"https:\\\/\\\/neolys-diagnostics.fr\\\/en\\\/?s={search_term_string}\"},\"query-input\":{\"@type\":\"PropertyValueSpecification\",\"valueRequired\":true,\"valueName\":\"search_term_string\"}}],\"inLanguage\":\"en-US\"},{\"@type\":\"Organization\",\"@id\":\"https:\\\/\\\/neolys-diagnostics.fr\\\/en\\\/#organization\",\"name\":\"Neolys Diagnostics\",\"alternateName\":\"Alara group\",\"url\":\"https:\\\/\\\/neolys-diagnostics.fr\\\/en\\\/\",\"logo\":{\"@type\":\"ImageObject\",\"inLanguage\":\"en-US\",\"@id\":\"https:\\\/\\\/neolys-diagnostics.fr\\\/en\\\/#\\\/schema\\\/logo\\\/image\\\/\",\"url\":\"https:\\\/\\\/neolys-diagnostics.fr\\\/wp-content\\\/uploads\\\/2023\\\/02\\\/Logo-Neolys-vertnoir_web.png\",\"contentUrl\":\"https:\\\/\\\/neolys-diagnostics.fr\\\/wp-content\\\/uploads\\\/2023\\\/02\\\/Logo-Neolys-vertnoir_web.png\",\"width\":3452,\"height\":882,\"caption\":\"Neolys Diagnostics\"},\"image\":{\"@id\":\"https:\\\/\\\/neolys-diagnostics.fr\\\/en\\\/#\\\/schema\\\/logo\\\/image\\\/\"},\"sameAs\":[\"https:\\\/\\\/www.facebook.com\\\/neolysdiagnostics\",\"https:\\\/\\\/www.linkedin.com\\\/company\\\/neolys-diagnostics\"]}]}<\/script>\n<!-- \/ Yoast SEO plugin. -->","yoast_head_json":{"title":"Laboratory form | Neolys Diagnostics","description":"You are a laboratory and would like to take samples for our tests in your laboratory? Contact us!","robots":{"index":"index","follow":"follow","max-snippet":"max-snippet:-1","max-image-preview":"max-image-preview:large","max-video-preview":"max-video-preview:-1"},"canonical":"https:\/\/neolys-diagnostics.fr\/en\/lab-form\/","og_locale":"en_US","og_type":"article","og_title":"Laboratory form | Neolys Diagnostics","og_description":"You are a laboratory and would like to take samples for our tests in your laboratory? Contact us!","og_url":"https:\/\/neolys-diagnostics.fr\/en\/lab-form\/","og_site_name":"Neolys Diagnostics","article_publisher":"https:\/\/www.facebook.com\/neolysdiagnostics","article_modified_time":"2023-06-28T13:18:16+00:00","og_image":[{"width":4069,"height":606,"url":"https:\/\/neolys-diagnostics.fr\/wp-content\/uploads\/2023\/03\/cropped-Logo_Alaragroup_noir_RVB.png","type":"image\/png"}],"twitter_card":"summary_large_image","twitter_misc":{"Est. reading time":"1 minute"},"schema":{"@context":"https:\/\/schema.org","@graph":[{"@type":"WebPage","@id":"https:\/\/neolys-diagnostics.fr\/en\/lab-form\/","url":"https:\/\/neolys-diagnostics.fr\/en\/lab-form\/","name":"Laboratory form | Neolys Diagnostics","isPartOf":{"@id":"https:\/\/neolys-diagnostics.fr\/en\/#website"},"datePublished":"2023-06-28T10:36:47+00:00","dateModified":"2023-06-28T13:18:16+00:00","description":"You are a laboratory and would like to take samples for our tests in your laboratory? Contact us!","breadcrumb":{"@id":"https:\/\/neolys-diagnostics.fr\/en\/lab-form\/#breadcrumb"},"inLanguage":"en-US","potentialAction":[{"@type":"ReadAction","target":["https:\/\/neolys-diagnostics.fr\/en\/lab-form\/"]}]},{"@type":"BreadcrumbList","@id":"https:\/\/neolys-diagnostics.fr\/en\/lab-form\/#breadcrumb","itemListElement":[{"@type":"ListItem","position":1,"name":"Home","item":"https:\/\/neolys-diagnostics.fr\/en\/homepage\/"},{"@type":"ListItem","position":2,"name":"Laboratory form"}]},{"@type":"WebSite","@id":"https:\/\/neolys-diagnostics.fr\/en\/#website","url":"https:\/\/neolys-diagnostics.fr\/en\/","name":"Neolys Diagnostics","description":"In oncology, personalized medicine is no longer an option","publisher":{"@id":"https:\/\/neolys-diagnostics.fr\/en\/#organization"},"alternateName":"Neolys Diagnostics","potentialAction":[{"@type":"SearchAction","target":{"@type":"EntryPoint","urlTemplate":"https:\/\/neolys-diagnostics.fr\/en\/?s={search_term_string}"},"query-input":{"@type":"PropertyValueSpecification","valueRequired":true,"valueName":"search_term_string"}}],"inLanguage":"en-US"},{"@type":"Organization","@id":"https:\/\/neolys-diagnostics.fr\/en\/#organization","name":"Neolys Diagnostics","alternateName":"Alara group","url":"https:\/\/neolys-diagnostics.fr\/en\/","logo":{"@type":"ImageObject","inLanguage":"en-US","@id":"https:\/\/neolys-diagnostics.fr\/en\/#\/schema\/logo\/image\/","url":"https:\/\/neolys-diagnostics.fr\/wp-content\/uploads\/2023\/02\/Logo-Neolys-vertnoir_web.png","contentUrl":"https:\/\/neolys-diagnostics.fr\/wp-content\/uploads\/2023\/02\/Logo-Neolys-vertnoir_web.png","width":3452,"height":882,"caption":"Neolys Diagnostics"},"image":{"@id":"https:\/\/neolys-diagnostics.fr\/en\/#\/schema\/logo\/image\/"},"sameAs":["https:\/\/www.facebook.com\/neolysdiagnostics","https:\/\/www.linkedin.com\/company\/neolys-diagnostics"]}]}},"_links":{"self":[{"href":"https:\/\/neolys-diagnostics.fr\/en\/wp-json\/wp\/v2\/pages\/6975","targetHints":{"allow":["GET"]}}],"collection":[{"href":"https:\/\/neolys-diagnostics.fr\/en\/wp-json\/wp\/v2\/pages"}],"about":[{"href":"https:\/\/neolys-diagnostics.fr\/en\/wp-json\/wp\/v2\/types\/page"}],"author":[{"embeddable":true,"href":"https:\/\/neolys-diagnostics.fr\/en\/wp-json\/wp\/v2\/users\/1"}],"replies":[{"embeddable":true,"href":"https:\/\/neolys-diagnostics.fr\/en\/wp-json\/wp\/v2\/comments?post=6975"}],"version-history":[{"count":16,"href":"https:\/\/neolys-diagnostics.fr\/en\/wp-json\/wp\/v2\/pages\/6975\/revisions"}],"predecessor-version":[{"id":7088,"href":"https:\/\/neolys-diagnostics.fr\/en\/wp-json\/wp\/v2\/pages\/6975\/revisions\/7088"}],"wp:attachment":[{"href":"https:\/\/neolys-diagnostics.fr\/en\/wp-json\/wp\/v2\/media?parent=6975"}],"curies":[{"name":"wp","href":"https:\/\/api.w.org\/{rel}","templated":true}]}}