{"id":6761,"date":"2023-05-04T16:27:52","date_gmt":"2023-05-04T14:27:52","guid":{"rendered":"https:\/\/test.neolys-diagnostics.fr\/publications\/"},"modified":"2023-06-28T15:18:42","modified_gmt":"2023-06-28T13:18:42","slug":"publications","status":"publish","type":"page","link":"https:\/\/neolys-diagnostics.fr\/en\/publications\/","title":{"rendered":"Publications"},"content":{"rendered":"\t\t<div data-elementor-type=\"wp-page\" data-elementor-id=\"6761\" class=\"elementor elementor-6761 elementor-4619\" data-elementor-post-type=\"page\">\n\t\t\t\t\t\t<section class=\"elementor-section elementor-top-section elementor-element elementor-element-d99ee94 elementor-section-boxed elementor-section-height-default elementor-section-height-default\" data-id=\"d99ee94\" data-element_type=\"section\" data-e-type=\"section\" data-settings=\"{&quot;background_background&quot;:&quot;classic&quot;}\">\n\t\t\t\t\t\t<div class=\"elementor-container elementor-column-gap-default\">\n\t\t\t\t\t<div class=\"elementor-column elementor-col-100 elementor-top-column elementor-element elementor-element-16d12ef\" data-id=\"16d12ef\" data-element_type=\"column\" data-e-type=\"column\">\n\t\t\t<div class=\"elementor-widget-wrap elementor-element-populated\">\n\t\t\t\t\t\t<div class=\"elementor-element elementor-element-7d373e9 elementor-position-left elementor-vertical-align-top elementor-invisible elementor-widget elementor-widget-image-box\" data-id=\"7d373e9\" data-element_type=\"widget\" data-e-type=\"widget\" data-settings=\"{&quot;_animation&quot;:&quot;bounceInUp&quot;}\" data-widget_type=\"image-box.default\">\n\t\t\t\t<div class=\"elementor-widget-container\">\n\t\t\t\t\t<div class=\"elementor-image-box-wrapper\"><figure class=\"elementor-image-box-img\"><img decoding=\"async\" width=\"3\" height=\"105\" src=\"https:\/\/neolys-diagnostics.fr\/wp-content\/uploads\/2023\/05\/barre_titre.png\" class=\"attachment-full size-full wp-image-4705\" alt=\"\" \/><\/figure><div class=\"elementor-image-box-content\"><h2 class=\"elementor-image-box-title\">2022<\/h2><p class=\"elementor-image-box-description\">Predicting acute severe toxicity for head and neck squamous cell carcinomas by combining dosimetry with a radiosensitivity biomarker: a pilot study\n<\/p><\/div><\/div>\t\t\t\t<\/div>\n\t\t\t\t<\/div>\n\t\t\t\t<div class=\"elementor-element elementor-element-6d764fd elementor-align-left elementor-mobile-align-left animated-slow elementor-invisible elementor-widget elementor-widget-button\" data-id=\"6d764fd\" data-element_type=\"widget\" data-e-type=\"widget\" data-settings=\"{&quot;_animation&quot;:&quot;fadeIn&quot;}\" data-widget_type=\"button.default\">\n\t\t\t\t<div class=\"elementor-widget-container\">\n\t\t\t\t\t\t\t\t\t<div class=\"elementor-button-wrapper\">\n\t\t\t\t\t<a class=\"elementor-button elementor-button-link elementor-size-md\" href=\"https:\/\/pubmed.ncbi.nlm.nih.gov\/35578746\/\" target=\"_blank\">\n\t\t\t\t\t\t<span class=\"elementor-button-content-wrapper\">\n\t\t\t\t\t\t\t\t\t<span class=\"elementor-button-text\">Article<\/span>\n\t\t\t\t\t<\/span>\n\t\t\t\t\t<\/a>\n\t\t\t\t<\/div>\n\t\t\t\t\t\t\t\t<\/div>\n\t\t\t\t<\/div>\n\t\t\t\t<div class=\"elementor-element elementor-element-64a9651 animated-slow elementor-invisible elementor-widget elementor-widget-text-editor\" data-id=\"64a9651\" data-element_type=\"widget\" data-e-type=\"widget\" data-settings=\"{&quot;_animation&quot;:&quot;fadeIn&quot;}\" data-widget_type=\"text-editor.default\">\n\t\t\t\t<div class=\"elementor-widget-container\">\n\t\t\t\t\t\t\t\t\t<p>TUMORI. 2022 MAY 16:3008916221078061. DOI: 10.1177\/03008916221078061. EPUB AHEAD OF PRINT. PMID: 35578746.<\/p>\n\t\t\t\t\t\t\t\t<\/div>\n\t\t\t\t<\/div>\n\t\t\t\t<div class=\"elementor-element elementor-element-6720f9d animated-slow elementor-invisible elementor-widget elementor-widget-text-editor\" data-id=\"6720f9d\" data-element_type=\"widget\" data-e-type=\"widget\" data-settings=\"{&quot;_animation&quot;:&quot;fadeIn&quot;}\" data-widget_type=\"text-editor.default\">\n\t\t\t\t<div class=\"elementor-widget-container\">\n\t\t\t\t\t\t\t\t\t<p>Deneuve S, Bastogne T, <strong>Duclos M<\/strong>, Mirjolet C, Bois P, Bachmann P, Nokovitch L, Roux PE, Girodet D, Poupart M, Zrounba P, Claude L, Ferella L, Iacovelli NA, Foray N, Rancati T, <strong>Pereira S<\/strong><\/p>\n\t\t\t\t\t\t\t\t<\/div>\n\t\t\t\t<\/div>\n\t\t\t\t\t<\/div>\n\t\t<\/div>\n\t\t\t\t\t<\/div>\n\t\t<\/section>\n\t\t\t\t<section class=\"elementor-section elementor-top-section elementor-element elementor-element-5232453 elementor-section-boxed elementor-section-height-default elementor-section-height-default\" data-id=\"5232453\" data-element_type=\"section\" data-e-type=\"section\" data-settings=\"{&quot;background_background&quot;:&quot;classic&quot;}\">\n\t\t\t\t\t\t<div class=\"elementor-container elementor-column-gap-default\">\n\t\t\t\t\t<div class=\"elementor-column elementor-col-100 elementor-top-column elementor-element elementor-element-9c80fda\" data-id=\"9c80fda\" data-element_type=\"column\" data-e-type=\"column\">\n\t\t\t<div class=\"elementor-widget-wrap elementor-element-populated\">\n\t\t\t\t\t\t<div class=\"elementor-element elementor-element-8f8d0fc elementor-position-left elementor-vertical-align-top elementor-invisible elementor-widget elementor-widget-image-box\" data-id=\"8f8d0fc\" data-element_type=\"widget\" data-e-type=\"widget\" data-settings=\"{&quot;_animation&quot;:&quot;bounceInUp&quot;}\" data-widget_type=\"image-box.default\">\n\t\t\t\t<div class=\"elementor-widget-container\">\n\t\t\t\t\t<div class=\"elementor-image-box-wrapper\"><figure class=\"elementor-image-box-img\"><img decoding=\"async\" width=\"3\" height=\"105\" src=\"https:\/\/neolys-diagnostics.fr\/wp-content\/uploads\/2023\/05\/barre_titre.png\" class=\"attachment-full size-full wp-image-4705\" alt=\"\" \/><\/figure><div class=\"elementor-image-box-content\"><h2 class=\"elementor-image-box-title\">2021<\/h2><p class=\"elementor-image-box-description\">Proof of Concept of a Binary Blood Assay for Predicting Radiosensitivity.<\/p><\/div><\/div>\t\t\t\t<\/div>\n\t\t\t\t<\/div>\n\t\t\t\t<div class=\"elementor-element elementor-element-8bffa53 elementor-align-left elementor-mobile-align-left animated-slow elementor-invisible elementor-widget elementor-widget-button\" data-id=\"8bffa53\" data-element_type=\"widget\" data-e-type=\"widget\" data-settings=\"{&quot;_animation&quot;:&quot;fadeIn&quot;}\" data-widget_type=\"button.default\">\n\t\t\t\t<div class=\"elementor-widget-container\">\n\t\t\t\t\t\t\t\t\t<div class=\"elementor-button-wrapper\">\n\t\t\t\t\t<a class=\"elementor-button elementor-button-link elementor-size-md\" href=\"https:\/\/www.mdpi.com\/2072-6694\/13\/10\/2477\/htm\" target=\"_blank\">\n\t\t\t\t\t\t<span class=\"elementor-button-content-wrapper\">\n\t\t\t\t\t\t\t\t\t<span class=\"elementor-button-text\">Abstract<\/span>\n\t\t\t\t\t<\/span>\n\t\t\t\t\t<\/a>\n\t\t\t\t<\/div>\n\t\t\t\t\t\t\t\t<\/div>\n\t\t\t\t<\/div>\n\t\t\t\t<div class=\"elementor-element elementor-element-3905c67 animated-slow elementor-invisible elementor-widget elementor-widget-text-editor\" data-id=\"3905c67\" data-element_type=\"widget\" data-e-type=\"widget\" data-settings=\"{&quot;_animation&quot;:&quot;fadeIn&quot;}\" data-widget_type=\"text-editor.default\">\n\t\t\t\t<div class=\"elementor-widget-container\">\n\t\t\t\t\t\t\t\t\t<p>CANCERS (BASEL). 2021 MAY 19;13(10):2477. DOI: 10.3390\/CANCERS13102477. PMID: 34069662; PMCID: PMC8160794.<\/p>\n\t\t\t\t\t\t\t\t<\/div>\n\t\t\t\t<\/div>\n\t\t\t\t<div class=\"elementor-element elementor-element-f0c87c8 animated-slow elementor-invisible elementor-widget elementor-widget-text-editor\" data-id=\"f0c87c8\" data-element_type=\"widget\" data-e-type=\"widget\" data-settings=\"{&quot;_animation&quot;:&quot;fadeIn&quot;}\" data-widget_type=\"text-editor.default\">\n\t\t\t\t<div class=\"elementor-widget-container\">\n\t\t\t\t\t\t\t\t\t<p>Deneuve S, Mirjolet C, Bastogne T, <strong>Duclos M,<\/strong> Retif P, Zrounba P, Roux PE, Poupart M, Vogin G, Foray N, <strong>Pereira S.<\/strong><\/p>\n\t\t\t\t\t\t\t\t<\/div>\n\t\t\t\t<\/div>\n\t\t\t\t\t<\/div>\n\t\t<\/div>\n\t\t\t\t\t<\/div>\n\t\t<\/section>\n\t\t\t\t<section class=\"elementor-section elementor-top-section elementor-element elementor-element-a794b71 elementor-section-boxed elementor-section-height-default elementor-section-height-default\" data-id=\"a794b71\" data-element_type=\"section\" data-e-type=\"section\" data-settings=\"{&quot;background_background&quot;:&quot;classic&quot;}\">\n\t\t\t\t\t\t<div class=\"elementor-container elementor-column-gap-default\">\n\t\t\t\t\t<div class=\"elementor-column elementor-col-100 elementor-top-column elementor-element elementor-element-f9ca76f\" data-id=\"f9ca76f\" data-element_type=\"column\" data-e-type=\"column\">\n\t\t\t<div class=\"elementor-widget-wrap elementor-element-populated\">\n\t\t\t\t\t\t<div class=\"elementor-element elementor-element-30a0c0d elementor-position-left elementor-vertical-align-top elementor-invisible elementor-widget elementor-widget-image-box\" data-id=\"30a0c0d\" data-element_type=\"widget\" data-e-type=\"widget\" data-settings=\"{&quot;_animation&quot;:&quot;bounceInUp&quot;}\" data-widget_type=\"image-box.default\">\n\t\t\t\t<div class=\"elementor-widget-container\">\n\t\t\t\t\t<div class=\"elementor-image-box-wrapper\"><figure class=\"elementor-image-box-img\"><img decoding=\"async\" width=\"3\" height=\"105\" src=\"https:\/\/neolys-diagnostics.fr\/wp-content\/uploads\/2023\/05\/barre_titre.png\" class=\"attachment-full size-full wp-image-4705\" alt=\"\" \/><\/figure><div class=\"elementor-image-box-content\"><h2 class=\"elementor-image-box-title\">2018<\/h2><p class=\"elementor-image-box-description\">Fast and Binary Assay for Predicting Radiosensitivity Based on the Theory of ATM Nucleo-Shuttling: Development, Validation, and Performance.<\/p><\/div><\/div>\t\t\t\t<\/div>\n\t\t\t\t<\/div>\n\t\t\t\t<div class=\"elementor-element elementor-element-1c88fa1 animated-slow elementor-invisible elementor-widget elementor-widget-text-editor\" data-id=\"1c88fa1\" data-element_type=\"widget\" data-e-type=\"widget\" data-settings=\"{&quot;_animation&quot;:&quot;fadeIn&quot;}\" data-widget_type=\"text-editor.default\">\n\t\t\t\t<div class=\"elementor-widget-container\">\n\t\t\t\t\t\t\t\t\t<p>INT J RADIAT ONCOL BIOL PHYS. 2018 FEB 1;100(2):353-360.<\/p>\n\t\t\t\t\t\t\t\t<\/div>\n\t\t\t\t<\/div>\n\t\t\t\t<div class=\"elementor-element elementor-element-43003cf animated-slow elementor-invisible elementor-widget elementor-widget-text-editor\" data-id=\"43003cf\" data-element_type=\"widget\" data-e-type=\"widget\" data-settings=\"{&quot;_animation&quot;:&quot;fadeIn&quot;}\" data-widget_type=\"text-editor.default\">\n\t\t\t\t<div class=\"elementor-widget-container\">\n\t\t\t\t\t\t\t\t\t<p>Pereira S, Bodgi L, Duclos M, Canet A, Ferlazzo ML, Devic C, Granzotto A, Deneuve S, Vogin G, Foray N.<\/p>\n\t\t\t\t\t\t\t\t<\/div>\n\t\t\t\t<\/div>\n\t\t\t\t<div class=\"elementor-element elementor-element-e010be9 elementor-invisible elementor-widget elementor-widget-text-editor\" data-id=\"e010be9\" data-element_type=\"widget\" data-e-type=\"widget\" data-settings=\"{&quot;_animation&quot;:&quot;bounceInUp&quot;}\" data-widget_type=\"text-editor.default\">\n\t\t\t\t<div class=\"elementor-widget-container\">\n\t\t\t\t\t\t\t\t\t<p>&#8220;M\u00e9thode pr\u00e9dictive rapide pour caract\u00e9riser la radiosensibilit\u00e9 et\/ou le risque de toxicit\u00e9 tissulaire d&#8217;un individu envers une irradiation&#8221;<\/p>\n\t\t\t\t\t\t\t\t<\/div>\n\t\t\t\t<\/div>\n\t\t\t\t<div class=\"elementor-element elementor-element-925b65a animated-slow elementor-invisible elementor-widget elementor-widget-text-editor\" data-id=\"925b65a\" data-element_type=\"widget\" data-e-type=\"widget\" data-settings=\"{&quot;_animation&quot;:&quot;fadeIn&quot;}\" data-widget_type=\"text-editor.default\">\n\t\t\t\t<div class=\"elementor-widget-container\">\n\t\t\t\t\t\t\t\t\t<p>BREVET WO2018229439A1<\/p>\n\t\t\t\t\t\t\t\t<\/div>\n\t\t\t\t<\/div>\n\t\t\t\t<div class=\"elementor-element elementor-element-f124a2d animated-slow elementor-invisible elementor-widget elementor-widget-text-editor\" data-id=\"f124a2d\" data-element_type=\"widget\" data-e-type=\"widget\" data-settings=\"{&quot;_animation&quot;:&quot;fadeIn&quot;}\" data-widget_type=\"text-editor.default\">\n\t\t\t\t<div class=\"elementor-widget-container\">\n\t\t\t\t\t\t\t\t\t<p>Neolys Diagnostics<\/p>\n\t\t\t\t\t\t\t\t<\/div>\n\t\t\t\t<\/div>\n\t\t\t\t\t<\/div>\n\t\t<\/div>\n\t\t\t\t\t<\/div>\n\t\t<\/section>\n\t\t\t\t<section class=\"elementor-section elementor-top-section elementor-element elementor-element-e9169e4 elementor-section-boxed elementor-section-height-default elementor-section-height-default\" data-id=\"e9169e4\" data-element_type=\"section\" data-e-type=\"section\" data-settings=\"{&quot;background_background&quot;:&quot;classic&quot;}\">\n\t\t\t\t\t\t<div class=\"elementor-container elementor-column-gap-default\">\n\t\t\t\t\t<div class=\"elementor-column elementor-col-100 elementor-top-column elementor-element elementor-element-bb64d85\" data-id=\"bb64d85\" data-element_type=\"column\" data-e-type=\"column\">\n\t\t\t<div class=\"elementor-widget-wrap elementor-element-populated\">\n\t\t\t\t\t\t<div class=\"elementor-element elementor-element-80a4ada elementor-position-left elementor-vertical-align-top elementor-invisible elementor-widget elementor-widget-image-box\" data-id=\"80a4ada\" data-element_type=\"widget\" data-e-type=\"widget\" data-settings=\"{&quot;_animation&quot;:&quot;bounceInUp&quot;}\" data-widget_type=\"image-box.default\">\n\t\t\t\t<div class=\"elementor-widget-container\">\n\t\t\t\t\t<div class=\"elementor-image-box-wrapper\"><figure class=\"elementor-image-box-img\"><img decoding=\"async\" width=\"3\" height=\"105\" src=\"https:\/\/neolys-diagnostics.fr\/wp-content\/uploads\/2023\/05\/barre_titre.png\" class=\"attachment-full size-full wp-image-4705\" alt=\"\" \/><\/figure><div class=\"elementor-image-box-content\"><h2 class=\"elementor-image-box-title\">2016<\/h2><p class=\"elementor-image-box-description\">Influence of Nucleoshuttling of the ATM Protein in the Healthy Tissues Response to Radiation Therapy: Toward a Molecular Classification of Human Radiosensitivity.<\/p><\/div><\/div>\t\t\t\t<\/div>\n\t\t\t\t<\/div>\n\t\t\t\t<div class=\"elementor-element elementor-element-4e6ce4f animated-slow elementor-invisible elementor-widget elementor-widget-text-editor\" data-id=\"4e6ce4f\" data-element_type=\"widget\" data-e-type=\"widget\" data-settings=\"{&quot;_animation&quot;:&quot;fadeIn&quot;}\" data-widget_type=\"text-editor.default\">\n\t\t\t\t<div class=\"elementor-widget-container\">\n\t\t\t\t\t\t\t\t\t<p>INT J RADIAT ONCOL BIOL PHYS. 2016 MAR 1;94(3):450-60.<\/p>\n\t\t\t\t\t\t\t\t<\/div>\n\t\t\t\t<\/div>\n\t\t\t\t<div class=\"elementor-element elementor-element-224935b animated-slow elementor-invisible elementor-widget elementor-widget-text-editor\" data-id=\"224935b\" data-element_type=\"widget\" data-e-type=\"widget\" data-settings=\"{&quot;_animation&quot;:&quot;fadeIn&quot;}\" data-widget_type=\"text-editor.default\">\n\t\t\t\t<div class=\"elementor-widget-container\">\n\t\t\t\t\t\t\t\t\t<p>COPERNIC project investigators, Granzotto A, Benadjaoud MA, Vogin G, Devic C, Ferlazzo ML, Bodgi L, Pereira S, Sonzogni L, Forcheron F, Viau M, Etaix A, Malek K, Mengue-Bindjeme L, Escoffier C, Rouvet I, Zabot MT, Joubert A, Vincent A, Dalla Venezia N, Bourguignon M, Canat EP, d&#8217;Hombres A, Th\u00e9baud E, Orbach D, Stoppa-Lyonnet D, Radji A, Dor\u00e9 E, Pointreau Y, Bourgier C, Leblond P, Defachelles AS, Lervat C, Guey S, Feuvret L, Gilsoul F, Berger C, Moncharmont C, de Laroche G, Moreau-Claeys MV, Chavaudra N, Combemale P, Biston MC, Malet C, Martel-Lafay I, Laude C, Hau-Desbat NH, Ziou\u00e9che A, Tanguy R, Sunyach MP, Racadot S, Pommier P, Claude L, Baleydier F, Fleury B, de Crevoisier R, Simon JM, Verrelle P, Peiffert D, Belkacemi Y, Bourhis J, Lartigau E, Carrie C, De Vathaire F, Eschwege F, Puisieux A, Lagrange JL, Balosso J, Foray N.<\/p>\n\t\t\t\t\t\t\t\t<\/div>\n\t\t\t\t<\/div>\n\t\t\t\t\t<\/div>\n\t\t<\/div>\n\t\t\t\t\t<\/div>\n\t\t<\/section>\n\t\t\t\t<\/div>\n\t\t","protected":false},"excerpt":{"rendered":"<p>2022 Predicting acute severe toxicity for head and neck squamous cell carcinomas by combining dosimetry with a radiosensitivity biomarker: a pilot study Article TUMORI. 2022 MAY 16:3008916221078061. DOI: 10.1177\/03008916221078061. EPUB AHEAD OF PRINT. PMID: 35578746. Deneuve S, Bastogne T, Duclos M, Mirjolet C, Bois P, Bachmann P, Nokovitch L, Roux PE, Girodet D, Poupart M, &hellip; <\/p>\n<p class=\"link-more\"><a href=\"https:\/\/neolys-diagnostics.fr\/en\/publications\/\" class=\"more-link\">Read more<span class=\"screen-reader-text\"> &#8220;Publications&#8221;<\/span><\/a><\/p>\n","protected":false},"author":1,"featured_media":0,"parent":0,"menu_order":0,"comment_status":"closed","ping_status":"closed","template":"elementor_header_footer","meta":{"inspiro_hide_title":false,"footnotes":""},"class_list":["post-6761","page","type-page","status-publish","hentry"],"yoast_head":"<!-- This site is optimized with the Yoast SEO plugin v27.3 - https:\/\/yoast.com\/product\/yoast-seo-wordpress\/ -->\n<title>Neolys Diagnostics | Publications<\/title>\n<meta name=\"description\" content=\"Find the history of all scientific publications and patents issued by our experts at Neolys Diagnostics.\" \/>\n<meta name=\"robots\" content=\"index, follow, max-snippet:-1, max-image-preview:large, max-video-preview:-1\" \/>\n<link rel=\"canonical\" href=\"https:\/\/neolys-diagnostics.fr\/en\/publications\/\" \/>\n<meta property=\"og:locale\" content=\"en_US\" \/>\n<meta property=\"og:type\" content=\"article\" \/>\n<meta property=\"og:title\" content=\"Neolys Diagnostics | Publications\" \/>\n<meta property=\"og:description\" content=\"Find the history of all scientific publications and patents issued by our experts at Neolys Diagnostics.\" \/>\n<meta property=\"og:url\" content=\"https:\/\/neolys-diagnostics.fr\/en\/publications\/\" \/>\n<meta property=\"og:site_name\" content=\"Neolys Diagnostics\" \/>\n<meta property=\"article:publisher\" content=\"https:\/\/www.facebook.com\/neolysdiagnostics\" \/>\n<meta property=\"article:modified_time\" content=\"2023-06-28T13:18:42+00:00\" \/>\n<meta property=\"og:image\" content=\"https:\/\/neolys-diagnostics.fr\/wp-content\/uploads\/2023\/05\/barre_titre.png\" \/>\n<meta name=\"twitter:card\" content=\"summary_large_image\" \/>\n<meta name=\"twitter:label1\" content=\"Est. reading time\" \/>\n\t<meta name=\"twitter:data1\" content=\"2 minutes\" \/>\n<script type=\"application\/ld+json\" class=\"yoast-schema-graph\">{\"@context\":\"https:\\\/\\\/schema.org\",\"@graph\":[{\"@type\":\"WebPage\",\"@id\":\"https:\\\/\\\/neolys-diagnostics.fr\\\/en\\\/publications\\\/\",\"url\":\"https:\\\/\\\/neolys-diagnostics.fr\\\/en\\\/publications\\\/\",\"name\":\"Neolys Diagnostics | Publications\",\"isPartOf\":{\"@id\":\"https:\\\/\\\/neolys-diagnostics.fr\\\/en\\\/#website\"},\"primaryImageOfPage\":{\"@id\":\"https:\\\/\\\/neolys-diagnostics.fr\\\/en\\\/publications\\\/#primaryimage\"},\"image\":{\"@id\":\"https:\\\/\\\/neolys-diagnostics.fr\\\/en\\\/publications\\\/#primaryimage\"},\"thumbnailUrl\":\"https:\\\/\\\/neolys-diagnostics.fr\\\/wp-content\\\/uploads\\\/2023\\\/05\\\/barre_titre.png\",\"datePublished\":\"2023-05-04T14:27:52+00:00\",\"dateModified\":\"2023-06-28T13:18:42+00:00\",\"description\":\"Find the history of all scientific publications and patents issued by our experts at Neolys Diagnostics.\",\"breadcrumb\":{\"@id\":\"https:\\\/\\\/neolys-diagnostics.fr\\\/en\\\/publications\\\/#breadcrumb\"},\"inLanguage\":\"en-US\",\"potentialAction\":[{\"@type\":\"ReadAction\",\"target\":[\"https:\\\/\\\/neolys-diagnostics.fr\\\/en\\\/publications\\\/\"]}]},{\"@type\":\"ImageObject\",\"inLanguage\":\"en-US\",\"@id\":\"https:\\\/\\\/neolys-diagnostics.fr\\\/en\\\/publications\\\/#primaryimage\",\"url\":\"https:\\\/\\\/neolys-diagnostics.fr\\\/wp-content\\\/uploads\\\/2023\\\/05\\\/barre_titre.png\",\"contentUrl\":\"https:\\\/\\\/neolys-diagnostics.fr\\\/wp-content\\\/uploads\\\/2023\\\/05\\\/barre_titre.png\"},{\"@type\":\"BreadcrumbList\",\"@id\":\"https:\\\/\\\/neolys-diagnostics.fr\\\/en\\\/publications\\\/#breadcrumb\",\"itemListElement\":[{\"@type\":\"ListItem\",\"position\":1,\"name\":\"Home\",\"item\":\"https:\\\/\\\/neolys-diagnostics.fr\\\/en\\\/homepage\\\/\"},{\"@type\":\"ListItem\",\"position\":2,\"name\":\"Publications\"}]},{\"@type\":\"WebSite\",\"@id\":\"https:\\\/\\\/neolys-diagnostics.fr\\\/en\\\/#website\",\"url\":\"https:\\\/\\\/neolys-diagnostics.fr\\\/en\\\/\",\"name\":\"Neolys Diagnostics\",\"description\":\"In oncology, personalized medicine is no longer an option\",\"publisher\":{\"@id\":\"https:\\\/\\\/neolys-diagnostics.fr\\\/en\\\/#organization\"},\"alternateName\":\"Neolys Diagnostics\",\"potentialAction\":[{\"@type\":\"SearchAction\",\"target\":{\"@type\":\"EntryPoint\",\"urlTemplate\":\"https:\\\/\\\/neolys-diagnostics.fr\\\/en\\\/?s={search_term_string}\"},\"query-input\":{\"@type\":\"PropertyValueSpecification\",\"valueRequired\":true,\"valueName\":\"search_term_string\"}}],\"inLanguage\":\"en-US\"},{\"@type\":\"Organization\",\"@id\":\"https:\\\/\\\/neolys-diagnostics.fr\\\/en\\\/#organization\",\"name\":\"Neolys Diagnostics\",\"alternateName\":\"Alara group\",\"url\":\"https:\\\/\\\/neolys-diagnostics.fr\\\/en\\\/\",\"logo\":{\"@type\":\"ImageObject\",\"inLanguage\":\"en-US\",\"@id\":\"https:\\\/\\\/neolys-diagnostics.fr\\\/en\\\/#\\\/schema\\\/logo\\\/image\\\/\",\"url\":\"https:\\\/\\\/neolys-diagnostics.fr\\\/wp-content\\\/uploads\\\/2023\\\/02\\\/Logo-Neolys-vertnoir_web.png\",\"contentUrl\":\"https:\\\/\\\/neolys-diagnostics.fr\\\/wp-content\\\/uploads\\\/2023\\\/02\\\/Logo-Neolys-vertnoir_web.png\",\"width\":3452,\"height\":882,\"caption\":\"Neolys Diagnostics\"},\"image\":{\"@id\":\"https:\\\/\\\/neolys-diagnostics.fr\\\/en\\\/#\\\/schema\\\/logo\\\/image\\\/\"},\"sameAs\":[\"https:\\\/\\\/www.facebook.com\\\/neolysdiagnostics\",\"https:\\\/\\\/www.linkedin.com\\\/company\\\/neolys-diagnostics\"]}]}<\/script>\n<!-- \/ Yoast SEO plugin. -->","yoast_head_json":{"title":"Neolys Diagnostics | Publications","description":"Find the history of all scientific publications and patents issued by our experts at Neolys Diagnostics.","robots":{"index":"index","follow":"follow","max-snippet":"max-snippet:-1","max-image-preview":"max-image-preview:large","max-video-preview":"max-video-preview:-1"},"canonical":"https:\/\/neolys-diagnostics.fr\/en\/publications\/","og_locale":"en_US","og_type":"article","og_title":"Neolys Diagnostics | Publications","og_description":"Find the history of all scientific publications and patents issued by our experts at Neolys Diagnostics.","og_url":"https:\/\/neolys-diagnostics.fr\/en\/publications\/","og_site_name":"Neolys Diagnostics","article_publisher":"https:\/\/www.facebook.com\/neolysdiagnostics","article_modified_time":"2023-06-28T13:18:42+00:00","og_image":[{"url":"https:\/\/neolys-diagnostics.fr\/wp-content\/uploads\/2023\/05\/barre_titre.png","type":"","width":"","height":""}],"twitter_card":"summary_large_image","twitter_misc":{"Est. reading time":"2 minutes"},"schema":{"@context":"https:\/\/schema.org","@graph":[{"@type":"WebPage","@id":"https:\/\/neolys-diagnostics.fr\/en\/publications\/","url":"https:\/\/neolys-diagnostics.fr\/en\/publications\/","name":"Neolys Diagnostics | Publications","isPartOf":{"@id":"https:\/\/neolys-diagnostics.fr\/en\/#website"},"primaryImageOfPage":{"@id":"https:\/\/neolys-diagnostics.fr\/en\/publications\/#primaryimage"},"image":{"@id":"https:\/\/neolys-diagnostics.fr\/en\/publications\/#primaryimage"},"thumbnailUrl":"https:\/\/neolys-diagnostics.fr\/wp-content\/uploads\/2023\/05\/barre_titre.png","datePublished":"2023-05-04T14:27:52+00:00","dateModified":"2023-06-28T13:18:42+00:00","description":"Find the history of all scientific publications and patents issued by our experts at Neolys Diagnostics.","breadcrumb":{"@id":"https:\/\/neolys-diagnostics.fr\/en\/publications\/#breadcrumb"},"inLanguage":"en-US","potentialAction":[{"@type":"ReadAction","target":["https:\/\/neolys-diagnostics.fr\/en\/publications\/"]}]},{"@type":"ImageObject","inLanguage":"en-US","@id":"https:\/\/neolys-diagnostics.fr\/en\/publications\/#primaryimage","url":"https:\/\/neolys-diagnostics.fr\/wp-content\/uploads\/2023\/05\/barre_titre.png","contentUrl":"https:\/\/neolys-diagnostics.fr\/wp-content\/uploads\/2023\/05\/barre_titre.png"},{"@type":"BreadcrumbList","@id":"https:\/\/neolys-diagnostics.fr\/en\/publications\/#breadcrumb","itemListElement":[{"@type":"ListItem","position":1,"name":"Home","item":"https:\/\/neolys-diagnostics.fr\/en\/homepage\/"},{"@type":"ListItem","position":2,"name":"Publications"}]},{"@type":"WebSite","@id":"https:\/\/neolys-diagnostics.fr\/en\/#website","url":"https:\/\/neolys-diagnostics.fr\/en\/","name":"Neolys Diagnostics","description":"In oncology, personalized medicine is no longer an option","publisher":{"@id":"https:\/\/neolys-diagnostics.fr\/en\/#organization"},"alternateName":"Neolys Diagnostics","potentialAction":[{"@type":"SearchAction","target":{"@type":"EntryPoint","urlTemplate":"https:\/\/neolys-diagnostics.fr\/en\/?s={search_term_string}"},"query-input":{"@type":"PropertyValueSpecification","valueRequired":true,"valueName":"search_term_string"}}],"inLanguage":"en-US"},{"@type":"Organization","@id":"https:\/\/neolys-diagnostics.fr\/en\/#organization","name":"Neolys Diagnostics","alternateName":"Alara group","url":"https:\/\/neolys-diagnostics.fr\/en\/","logo":{"@type":"ImageObject","inLanguage":"en-US","@id":"https:\/\/neolys-diagnostics.fr\/en\/#\/schema\/logo\/image\/","url":"https:\/\/neolys-diagnostics.fr\/wp-content\/uploads\/2023\/02\/Logo-Neolys-vertnoir_web.png","contentUrl":"https:\/\/neolys-diagnostics.fr\/wp-content\/uploads\/2023\/02\/Logo-Neolys-vertnoir_web.png","width":3452,"height":882,"caption":"Neolys Diagnostics"},"image":{"@id":"https:\/\/neolys-diagnostics.fr\/en\/#\/schema\/logo\/image\/"},"sameAs":["https:\/\/www.facebook.com\/neolysdiagnostics","https:\/\/www.linkedin.com\/company\/neolys-diagnostics"]}]}},"_links":{"self":[{"href":"https:\/\/neolys-diagnostics.fr\/en\/wp-json\/wp\/v2\/pages\/6761","targetHints":{"allow":["GET"]}}],"collection":[{"href":"https:\/\/neolys-diagnostics.fr\/en\/wp-json\/wp\/v2\/pages"}],"about":[{"href":"https:\/\/neolys-diagnostics.fr\/en\/wp-json\/wp\/v2\/types\/page"}],"author":[{"embeddable":true,"href":"https:\/\/neolys-diagnostics.fr\/en\/wp-json\/wp\/v2\/users\/1"}],"replies":[{"embeddable":true,"href":"https:\/\/neolys-diagnostics.fr\/en\/wp-json\/wp\/v2\/comments?post=6761"}],"version-history":[{"count":7,"href":"https:\/\/neolys-diagnostics.fr\/en\/wp-json\/wp\/v2\/pages\/6761\/revisions"}],"predecessor-version":[{"id":7093,"href":"https:\/\/neolys-diagnostics.fr\/en\/wp-json\/wp\/v2\/pages\/6761\/revisions\/7093"}],"wp:attachment":[{"href":"https:\/\/neolys-diagnostics.fr\/en\/wp-json\/wp\/v2\/media?parent=6761"}],"curies":[{"name":"wp","href":"https:\/\/api.w.org\/{rel}","templated":true}]}}